{"id":39,"date":"2024-12-17T11:02:36","date_gmt":"2024-12-17T08:02:36","guid":{"rendered":"http:\/\/duru.fermat.com.tr\/?page_id=39"},"modified":"2025-09-01T16:35:40","modified_gmt":"2025-09-01T13:35:40","slug":"hakkimizda","status":"publish","type":"page","link":"https:\/\/www.duruexpress.com.tr\/index.php\/hakkimizda\/","title":{"rendered":"Hakk\u0131m\u0131zda"},"content":{"rendered":"\n<figure class=\"wp-block-image size-full\"><img loading=\"lazy\" decoding=\"async\" width=\"848\" height=\"260\" src=\"https:\/\/www.duruexpress.com.tr\/wp-content\/uploads\/2024\/12\/hakkimizda.jpg\" alt=\"\" class=\"wp-image-76\" srcset=\"https:\/\/www.duruexpress.com.tr\/wp-content\/uploads\/2024\/12\/hakkimizda.jpg 848w, https:\/\/www.duruexpress.com.tr\/wp-content\/uploads\/2024\/12\/hakkimizda-300x92.jpg 300w, https:\/\/www.duruexpress.com.tr\/wp-content\/uploads\/2024\/12\/hakkimizda-768x235.jpg 768w\" sizes=\"auto, (max-width: 848px) 100vw, 848px\" \/><\/figure>\n\n\n\n<p>Duru Express Sektorde 10 seneyi a\u015fk\u0131n tecr\u00fcbenin g\u00fcc\u00fc ile 2013 Mart ay\u0131nda ba\u015flad\u0131\u011f\u0131 ba\u015far\u0131l\u0131 yolculu\u011funa, ger\u00e7ekle\u015ftirdi\u011fi yat\u0131r\u0131mlarla devam etmektedir.<\/p>\n\n\n\n<p>Uluslararasi havayolu, karayolu, denizyolu ta\u015f\u0131mac\u0131l\u0131\u011findaki geni\u015f imkanlar\u0131yla sekt\u00f6rde ba\u015far\u0131 grafi\u011fini y\u00fckselterek, m\u00fc\u015fterilerinin beklenti ve ihtiya\u00e7lar\u0131n\u0131 kar\u015f\u0131lamak amac\u0131yla entegre bir \u015fekilde s\u0131n\u0131rs\u0131z \u00f6zel \u00e7\u00f6z\u00fcmler \u00fcretmektedir.<\/p>\n\n\n\n<p>Verdi\u011fi hizmetlere 2015 senesi ile g\u00fcmr\u00fckleme hizmetini de ekleyen Duru Express&#8217;in ba\u015far\u0131 kayna\u011f\u0131 tutku ile \u00e7al\u0131\u015fan bir tak\u0131m olmaktan ge\u00e7mekted<\/p>\n","protected":false},"excerpt":{"rendered":"<p>Duru Express Sektorde 10 seneyi a\u015fk\u0131n tecr\u00fcbenin g\u00fcc\u00fc ile 2013 Mart ay\u0131nda ba\u015flad\u0131\u011f\u0131 ba\u015far\u0131l\u0131 yolculu\u011funa, ger\u00e7ekle\u015ftirdi\u011fi yat\u0131r\u0131mlarla devam etmektedir. Uluslararasi havayolu, karayolu, denizyolu ta\u015f\u0131mac\u0131l\u0131\u011findaki geni\u015f imkanlar\u0131yla sekt\u00f6rde ba\u015far\u0131 grafi\u011fini y\u00fckselterek, m\u00fc\u015fterilerinin beklenti ve ihtiya\u00e7lar\u0131n\u0131 kar\u015f\u0131lamak amac\u0131yla entegre bir \u015fekilde s\u0131n\u0131rs\u0131z \u00f6zel \u00e7\u00f6z\u00fcmler \u00fcretmektedir. Verdi\u011fi hizmetlere 2015 senesi ile g\u00fcmr\u00fckleme hizmetini de ekleyen Duru Express&#8217;in ba\u015far\u0131 [&hellip;]<\/p>\n","protected":false},"author":2,"featured_media":0,"parent":0,"menu_order":0,"comment_status":"closed","ping_status":"closed","template":"page-with-no-sidebar","meta":{"footnotes":""},"class_list":["post-39","page","type-page","status-publish","hentry"],"_links":{"self":[{"href":"https:\/\/www.duruexpress.com.tr\/index.php\/wp-json\/wp\/v2\/pages\/39","targetHints":{"allow":["GET"]}}],"collection":[{"href":"https:\/\/www.duruexpress.com.tr\/index.php\/wp-json\/wp\/v2\/pages"}],"about":[{"href":"https:\/\/www.duruexpress.com.tr\/index.php\/wp-json\/wp\/v2\/types\/page"}],"author":[{"embeddable":true,"href":"https:\/\/www.duruexpress.com.tr\/index.php\/wp-json\/wp\/v2\/users\/2"}],"replies":[{"embeddable":true,"href":"https:\/\/www.duruexpress.com.tr\/index.php\/wp-json\/wp\/v2\/comments?post=39"}],"version-history":[{"count":2,"href":"https:\/\/www.duruexpress.com.tr\/index.php\/wp-json\/wp\/v2\/pages\/39\/revisions"}],"predecessor-version":[{"id":77,"href":"https:\/\/www.duruexpress.com.tr\/index.php\/wp-json\/wp\/v2\/pages\/39\/revisions\/77"}],"wp:attachment":[{"href":"https:\/\/www.duruexpress.com.tr\/index.php\/wp-json\/wp\/v2\/media?parent=39"}],"curies":[{"name":"wp","href":"https:\/\/api.w.org\/{rel}","templated":true}]}}